{"id":5507,"date":"2021-05-31T19:19:36","date_gmt":"2021-05-31T14:19:36","guid":{"rendered":"https:\/\/fehivelaa-dive.com\/hanifaru-bay-grossartiges-schnorcheln-mit-manta-rochen\/"},"modified":"2025-11-08T01:29:29","modified_gmt":"2025-11-07T20:29:29","slug":"hanifaru-bay-grossartiges-schnorcheln-mit-manta-rochen","status":"publish","type":"page","link":"https:\/\/fehivelaa-dive.com\/de\/hanifaru-bay-grossartiges-schnorcheln-mit-manta-rochen\/","title":{"rendered":"Hanifaru Bay &#8211; gro\u00dfartiges Schnorcheln mit Manta-Rochen"},"content":{"rendered":"\t\t<div data-elementor-type=\"wp-page\" data-elementor-id=\"5507\" class=\"elementor elementor-5507 elementor-1266\" data-elementor-post-type=\"page\">\n\t\t\t\t\t\t<section class=\"elementor-section elementor-top-section elementor-element elementor-element-4d0d4fc elementor-section-boxed elementor-section-height-default elementor-section-height-default\" data-id=\"4d0d4fc\" data-element_type=\"section\" data-e-type=\"section\">\n\t\t\t\t\t\t<div class=\"elementor-container elementor-column-gap-default\">\n\t\t\t\t\t<div class=\"elementor-column elementor-col-100 elementor-top-column elementor-element elementor-element-0f143d9\" data-id=\"0f143d9\" data-element_type=\"column\" data-e-type=\"column\">\n\t\t\t<div class=\"elementor-widget-wrap elementor-element-populated\">\n\t\t\t\t\t\t<div class=\"elementor-element elementor-element-a21241c elementor-widget elementor-widget-heading\" data-id=\"a21241c\" data-element_type=\"widget\" data-e-type=\"widget\" data-widget_type=\"heading.default\">\n\t\t\t\t<div class=\"elementor-widget-container\">\n\t\t\t\t\t<h1 class=\"elementor-heading-title elementor-size-default\">Hanifaru Bay<\/h1>\t\t\t\t<\/div>\n\t\t\t\t<\/div>\n\t\t\t\t<div class=\"elementor-element elementor-element-ed99d6c elementor-widget elementor-widget-heading\" data-id=\"ed99d6c\" data-element_type=\"widget\" data-e-type=\"widget\" data-widget_type=\"heading.default\">\n\t\t\t\t<div class=\"elementor-widget-container\">\n\t\t\t\t\t<h2 class=\"elementor-heading-title elementor-size-default\">Schnorcheln mit Manta-Rochen und Walhaien<\/h2>\t\t\t\t<\/div>\n\t\t\t\t<\/div>\n\t\t\t\t<div class=\"elementor-element elementor-element-4f9608f elementor-widget elementor-widget-video\" data-id=\"4f9608f\" data-element_type=\"widget\" data-e-type=\"widget\" data-settings=\"{&quot;video_type&quot;:&quot;hosted&quot;,&quot;autoplay&quot;:&quot;yes&quot;,&quot;play_on_mobile&quot;:&quot;yes&quot;,&quot;mute&quot;:&quot;yes&quot;,&quot;loop&quot;:&quot;yes&quot;}\" data-widget_type=\"video.default\">\n\t\t\t\t<div class=\"elementor-widget-container\">\n\t\t\t\t\t\t\t<div class=\"e-hosted-video elementor-wrapper elementor-open-inline\">\n\t\t\t\t\t<video class=\"elementor-video\" src=\"https:\/\/fehivelaa-dive.com\/wp-content\/uploads\/2022\/11\/Hanifaru-1_1.webm\" autoplay=\"\" loop=\"\" muted=\"muted\" playsinline=\"\" controlsList=\"nodownload\"><\/video>\n\t\t\t\t<\/div>\n\t\t\t\t\t\t<\/div>\n\t\t\t\t<\/div>\n\t\t\t\t<div class=\"elementor-element elementor-element-4fcf04b elementor-widget elementor-widget-text-editor\" data-id=\"4fcf04b\" data-element_type=\"widget\" data-e-type=\"widget\" data-widget_type=\"text-editor.default\">\n\t\t\t\t<div class=\"elementor-widget-container\">\n\t\t\t\t\t\t\t\t\t<h2 style=\"font-size: 17px; font-weight: bold;\">Was ist Hanifaru Bay?<\/h2><p>Hanifaru Bay ist ein UNESCO-Biosph\u00e4renreservat im Baa-Atoll auf den Malediven, das gesetzlich als Meeresschutzgebiet ausgewiesen ist. Es gibt strenge Vorschriften zum Schutz und zur Erhaltung dieses erstaunlichen Naturwunders.<\/p><p>Die Hanifaru-Bucht hat die Form eines Trichters mit einer L\u00e4nge von etwa 1300 Metern. Innerhalb dieses Trichters gibt es einen engeren inneren Trichter, der etwa 600 Meter lang und an der breitesten Stelle etwa 200 Meter breit ist, und in dem Walhaie und Mantas am h\u00e4ufigsten zu sehen sind. Die Manta-Saison geht von May bis November. W\u00e4hrend dieser Zeit treiben Wind, Str\u00f6mungen und Gezeiten das Plankton in die trichterf\u00f6rmige Bucht und konzentrieren es. Diese &#8220;Planktonsuppe&#8221; lockt Mantas und auch Walhaie an. Mehr als 200 Mantarochen und mehrere Walhaie k\u00f6nnen sich gleichzeitig zum Fressen versammeln. Welweit gibt es keinen vergleichbaren Ort.<\/p>\t\t\t\t\t\t\t\t<\/div>\n\t\t\t\t<\/div>\n\t\t\t\t<div class=\"elementor-element elementor-element-f05ab37 elementor-widget elementor-widget-image\" data-id=\"f05ab37\" data-element_type=\"widget\" data-e-type=\"widget\" data-widget_type=\"image.default\">\n\t\t\t\t<div class=\"elementor-widget-container\">\n\t\t\t\t\t\t\t\t\t\t\t\t\t\t\t<img fetchpriority=\"high\" decoding=\"async\" width=\"768\" height=\"253\" src=\"https:\/\/fehivelaa-dive.com\/wp-content\/uploads\/2023\/01\/Hanifaru-Bay-3-768x253.webp\" class=\"attachment-medium_large size-medium_large wp-image-5500\" alt=\"Hanifaru Bay as seen by Google Earth\" srcset=\"https:\/\/fehivelaa-dive.com\/wp-content\/uploads\/2023\/01\/Hanifaru-Bay-3-768x253.webp 768w, https:\/\/fehivelaa-dive.com\/wp-content\/uploads\/2023\/01\/Hanifaru-Bay-3-300x99.webp 300w, https:\/\/fehivelaa-dive.com\/wp-content\/uploads\/2023\/01\/Hanifaru-Bay-3-1024x337.webp 1024w, https:\/\/fehivelaa-dive.com\/wp-content\/uploads\/2023\/01\/Hanifaru-Bay-3.webp 1256w\" sizes=\"(max-width: 768px) 100vw, 768px\" \/>\t\t\t\t\t\t\t\t\t\t\t\t\t\t\t<\/div>\n\t\t\t\t<\/div>\n\t\t\t\t<div class=\"elementor-element elementor-element-f611818 elementor-widget elementor-widget-text-editor\" data-id=\"f611818\" data-element_type=\"widget\" data-e-type=\"widget\" data-widget_type=\"text-editor.default\">\n\t\t\t\t<div class=\"elementor-widget-container\">\n\t\t\t\t\t\t\t\t\t<p>Hanifaru Bay auf Google Eearth. Die Insel auf der linken Seite ist Dhonfanu, wo sich unsere Tauchbasis und unser G\u00e4stehaus befinden.<\/p>\t\t\t\t\t\t\t\t<\/div>\n\t\t\t\t<\/div>\n\t\t\t\t<div class=\"elementor-element elementor-element-4a0af42 elementor-widget elementor-widget-text-editor\" data-id=\"4a0af42\" data-element_type=\"widget\" data-e-type=\"widget\" data-widget_type=\"text-editor.default\">\n\t\t\t\t<div class=\"elementor-widget-container\">\n\t\t\t\t\t\t\t\t\t<p><strong>Kann man mit Mantarochen schnorcheln?<\/strong><\/p><p>In der Hanifaru-Bucht k\u00f6nnen Sie beim Schnorcheln mit Mantarochen auf Tuchf\u00fchlung gehen. Um den Schutz des Gebietes aufrecht zu erhalten, m\u00fcssen alle Besucher von einem speziell von der Bioreserphe qualifizierten F\u00fchrer begleitet werden, der auch \u00fcber die Regeln informiert, die beim Schnorcheln zu beachten sind. Die maximal erlaubte Zeit zum Schnorcheln mit Mantas betr\u00e4gt 45 Minuten. Es sind immer Ranger vor Ort, um sicherzustellen, dass diese Regeln auch eingehalten werden.<\/p><p>Um den Schutz der Hanifaru-Bucht zu gew\u00e4hrleisten, m\u00fcssen alle Besucher eine Eintrittskarte f\u00fcr 20 Dollar kaufen, die grunds\u00e4tzlich der Guide f\u00fcr die G\u00e4ste erwirbt.<\/p><p><strong>Was k\u00f6nnen Sie erwarten zu sehen?<br><\/strong><\/p><p>Die M\u00f6glichkeit, Mantas bei beim Fressen in der Hanifaru-Bucht zu beobachten, ist ein wirklich einzigartiges und unvergessliches Erlebnis. Wie Guy Stevens, Meeresbiologe und Direktor des Manta Trust, beschreibt, kann es passieren, dass kurz nach der Flut ein paar Mantas in der Bucht ankommen und dann pl\u00f6tzlich eine ganze Gruppe von bis zu 200 Tieren auftaucht, die mehrere Stunden lang in einer Bucht fressen, die nicht viel gr\u00f6\u00dfer ist als ein Fu\u00dfballfeld. Die Gezeiten und Str\u00f6mungen in diesem kleinen Gebiet sorgen f\u00fcr eine F\u00fclle von Plankton, das die Mantarochen durch ihre Kiemen herausfiltern, w\u00e4hrend sie sich mit ihrer beeindruckenden Fl\u00fcgelspannweite von bis zu 3,5 Metern anmutig durch das Wasser bewegen.<\/p><p>Die Mantas konzentrieren sich so vollst\u00e4ndig auf das Fressen, dass Sie das Gef\u00fchl bekommen, von den Mantas ignoriert zu werden. Die Mantas zeigen keinerlei Scheu. Ihre Sch\u00e4dellappen sind ausgerollt und ihre M\u00e4uler weit ge\u00f6ffnet, um so viel Plankton wie m\u00f6glich aufnehmen zu k\u00f6nnen. Wenn sich mehr als 50 Mantas in der Bucht aufhalten, k\u00f6nnen Sie vielleicht ein Ph\u00e4nomen beobachten, das als &#8221; Zyklonfressen &#8221; bekannt ist, bei dem ein Manta leicht versetzt hinter dem anderen schwimmt und alle eine lange kreisf\u00f6rmige Linie bilden, um sich zu einer wirbelartigen Bewegung zusammenzuschlie\u00dfen. Es ist ein tief beeindruckender Anblick, der sich einem bietet.<\/p><p>Wenn die Zahl der Mantas in der Bucht auf \u00fcber 100 ansteigt, k\u00f6nnen Sie Zeuge einer spektakul\u00e4ren und chaotischen Fressorgie werden, wenn die Mantas spiralf\u00f6rmig nach au\u00dfen schwimmen und die Kette rei\u00dft. Es ist ein wahrhaft unvergesslicher Anblick, diese majest\u00e4tischen Kreaturen zu sehen, wie sie in ihrem Eifer, sich von dem reichlich vorhandenen Plankton zu ern\u00e4hren, aneinander sto\u00dfen.<\/p><p>W\u00e4hrend der Manta-Saison in der Hanifaru-Bucht kann man an den meisten Tagen 5 bis 10 Mantas sehen. An guten Tagen ist es m\u00f6glich, bis zu 50 oder 70 Mantas zu sehen, und an perfekten Tagen haben Sie vielleicht das Gl\u00fcck, bis zu 200 Mantas oder noch mehr zu sehen. Es ist zwar nicht m\u00f6glich, allein mit den Mantarochen zu schnorcheln, aber die Anwesenheit anderer Besucher schm\u00e4lert nicht das Erlebnis dieses grandiosen Naturschauspiels.<\/p><p><strong>Anga Faru &#8211; Ein neuer Manta-Hotspot?<\/strong><\/p><p>Seit letztem Jahr k\u00f6nnen wir beobachten, dass sich ab und zu eine gr\u00f6\u00dfere Anzahl von teilweise mehr als 50 Mantas bei Anga Faru versammeln. Damit entwickelt sich langsam aber stetig zus\u00e4tzlich zu Hanifaru Bay eine weitere M\u00f6glichkeit mit Mantas zu schnorcheln. Interessant ist dies insbesondere deswegen, weil sich in Anga Faru gr\u00f6\u00dfere Anzahl von Mantas unabh\u00e4ngig von Voll- bzw. Neumond versammeln.<br>Unsere Tauchbasis ist auch f\u00fcr Anga Faru au\u00dfergew\u00f6hnlich gut gelegen. Die Entfernung betr\u00e4gt nur 3,5 km (2,2 Meilen), was einen schnellen und bequemen Zugang erm\u00f6glicht.   <\/p><p><strong>Wann ist die beste Reisezeit?<br><\/strong><\/p><p>Die Manta-Saison in der Hanifaru-Bucht dauert von Mai bis November. Im Jahr 2023 endete die Saison bereits Ende Oktober, was au\u00dfergew\u00f6hnlich fr\u00fch war. W\u00e4hrend der Saison sind die besten Tage in der Regel um den Vollmond herum, aber auch um den Neumond herum ist es meist gut. Es lohnt sich, das bei der Planung Ihrer Reise zu ber\u00fccksichtigen.<\/p><p><strong>Vollmond<\/strong>: 12.05.2025, 11.06.2025, 11.07.2025, 09.08.2025, 07.09.2025, 07.10.2025, 05.11.2025, 05.12.2025<br><strong>Neumond<\/strong>: 27.05.2025, 25.06.2025, 25.07.2025, 23.08.2025, 22.09.2025, 21.10.2025, 20.11.2025, 20.12.2025<\/p><p class=\"query-text-line ng-star-inserted\"><strong>Vollmond<\/strong>: 01.05.2026, 31.05.2026, 30.06.2026, 29.07.2026, 28.08.2026, 26.09.2026, 26.10.2026, 24.11.2026<br><strong>Neumond<\/strong>: 17.05.2026, 15.06.2026, 14.07.2026, 12.08.2026, 11.09.2026, 10.10.2026, 09.11.2026, 09.12.2026<\/p><p><strong><br>Number of mantas in Hanifaru Bay 2025:<\/strong><br>02.05.2025 Ankunft der ersten Mantas<br>12.05.2025 50+ Mantas<br>31.05.2025 50+ Mantas<br>07.06.2025 50+ Mantas at Anga Faru<br>11.06.2025 50+ Mantas<br>25.06.2025 40+ Mantas<br>11.07.2025 80+ Mantas<br>25.07.2025 100+ Mantas<br>09.08.2025 40+ Mantas<br>23.08.2025 60+ Mantas<br>07.09.2025 30+ Mantas<br>22.09.2025 60+ Mantas<br>07.10.2025 40+ Mantas<br>21.10.2025 50+ Mantas<br>05.11.2025 100+ Mantas + 5 Walhaie<br><br><\/p><p><strong>Nachfolgend die Daten f\u00fcr 2024:<\/strong><\/p><p><strong>Vollmond:<\/strong> 23.05.2024, 22.06.2024, 21.07.2024, 19.08.2024, 18.09.2024, 17.10.2024, 16.11.2024<br><strong>Neumond:<\/strong> 08.05.2024, 06.06.2024, 06.07.2024, 04.08.2024, 03.09.2024, 02.10.2024, 01.11.2024<\/p><p><strong>Anzahl der Mantas in Hanifaru-Bay 2024:<br><\/strong>08.05.2024 15+ Mantas<br>23.05.2024 20+ Mantas<br>06.06.2024 40+ Mantas<br>22.06.2024 30+ Mantas<br>06.07.2024 30+ Mantas<br>21.07.2024 30+ Mantas<br>04.08.2024 40+ Mantas<br>19.08.2024 60+ Mantas<br>03.09.2024 20+ Mantas<br>18.09.2024 40+ Mantas<br>02.10.2024 60+ Mantas<br>17.10.2024 5 Mantas<br>01.11.2024 100+ Mantas<br>16.11.2024 40+ Mantas<br>01.12.2024 100+ Mantas<\/p><p><strong><br>Nachfolgend die Daten von 2023:<\/strong><\/p><p><strong>Vollmond:<\/strong> 05.05.2023, 04.06.2023, 03.07.2023, 01.08.2023, 31.08.2023, 29.09.2023, 29.10.2023, 27.11.2023<br><span style=\"font-size: 1rem;\"><strong>Neumond:<\/strong> 19.05.2023, 18.06.2023, 17.07.2023, 16.08.2023, 15.09.2023, 14.10.2023, 13.11.2023<\/span><\/p><p><strong>Anzahl der Mantas in der Hanifaru-Bay 2023:<\/strong><br>05.05.2023 keine Mantas<br>19.05.2023 50+ Mantas<br>04.06.2023 50+ Mantas<br>18.06.2023 70+ Mantas<br>03.07.2023 200+ Mantas<br>17.07.2023 100+ Mantas<br>01.08.2023 150+ Mantas<br>16.08.2023 70+ Mantas<br>31.8.2023 100+ Mantas<br>15.9.2023 30+ Mantas<br>29.9.2023 100+ Mantas<br>14.10.2023 15+ Mantas<br>29.10.2023 5 Mantas<br>13.11.2023 keine Mantas<br>27.11.2023 keine Mantas<\/p><p>Diese Zahlen f\u00fcr 2023 sind nat\u00fcrlich nur eine Momentaufnahme, jeweisl f\u00fcr Voll- und f\u00fcr Neumond. Die Saison 2023 war in jeder Hinsicht au\u00dfergew\u00f6hnlich gut, mit vielen Mantas an fast jedem Tag. Die Saison endete Ende Oktober, was ungew\u00f6hnlich fr\u00fch war. Es war auch eine au\u00dfergew\u00f6hnlich gute Saison, um mit Walhaien zu schnorcheln. Zus\u00e4tzlich zu den Walhaien, die wir in der Hochsaison in der Hanifaru-Bucht beobachten konnten, konnten wir unseren G\u00e4sten 2 bis 3 Mal pro Woche Nachtschnorcheln mit Walhaien anbieten.<\/p><p><strong><br>Nachfolgend die Daten f\u00fcr 2022:<br><\/strong><span style=\"font-size: 1rem;\"><strong><br>Vollmond:<\/strong> 16.05.2022, 14.06.2022, 13.07.2022, 12.08.2022, 10.09.2022, 10.10.2022, 08.11.2022, 08.12.2022<br><strong>Neumond:<\/strong> 01.05.2022, 30.05.2022, 29.06.2022, 28.07.2022, 27.08.2022, 26.09.2022, 25.10.2022, 24.11.2022<br><\/span><\/p><p><strong>Anzahl der Mantas in der Hanifaru-Bucht:<\/strong><br>01.05.2022 80+ Mantas<br>16.05.2022 80+ Mantas<br>30.05.2022 80+ Mantas<br>13.06.2022 40+ Mantas<br>29.06.2022 200+ Mantas<br>13.07.2022 50+ Mantas<br>28.07.2022 150+ Mantas<br>12.08.2022 10+ Mantas<br>27.08.2022 200+ Mantas<br>10.09.2022 keine Mantas, aber sie kamen 3 Tage sp\u00e4ter zur\u00fcck<br>26.09.2022 50+ Mantas<br>10.10.2022 120+ Mantas<br>25.10.2022 10 Mantas<br>08.11.2022 60+ Mantas<br>24.11.2022 20+ Mantas<br>08.12.2022 20+ Mantas<\/p><p>Diese Zahlen sind nat\u00fcrlich nur eine Momentaufnahme an Voll- oder Neumond. Dieses Jahr war in jeder Hinsicht ein gutes Jahr, mit vielen Mantarochen fast jeden Tag. Auch die Manta-Saison 2022 war recht lang. Da die allgemeine Wetterlage unver\u00e4ndert bleibt, bl\u00fcht die Hanifaru-Bucht weiter auf.  Am 14.12.2022 befanden sich zum Beispiel mehr als 100 Mantas in der Bucht. Kurz vor Weihnachten ging die Manta-Saison schlie\u00dflich zu Ende.<\/p>\t\t\t\t\t\t\t\t<\/div>\n\t\t\t\t<\/div>\n\t\t\t\t<div class=\"elementor-element elementor-element-28454a4 elementor-widget__width-initial elementor-widget-mobile__width-inherit elementor-hidden-desktop elementor-hidden-tablet elementor-hidden-mobile elementor-widget elementor-widget-video\" data-id=\"28454a4\" data-element_type=\"widget\" data-e-type=\"widget\" data-settings=\"{&quot;video_type&quot;:&quot;hosted&quot;,&quot;autoplay&quot;:&quot;yes&quot;,&quot;play_on_mobile&quot;:&quot;yes&quot;,&quot;loop&quot;:&quot;yes&quot;}\" data-widget_type=\"video.default\">\n\t\t\t\t<div class=\"elementor-widget-container\">\n\t\t\t\t\t\t\t<div class=\"e-hosted-video elementor-wrapper elementor-open-inline\">\n\t\t\t\t\t<video class=\"elementor-video\" src=\"https:\/\/fehivelaa-dive.com\/wp-content\/uploads\/2022\/07\/Mantas-28.7.22-1.webm\" autoplay=\"\" loop=\"\" playsinline=\"\" controlsList=\"nodownload\"><\/video>\n\t\t\t\t<\/div>\n\t\t\t\t\t\t<\/div>\n\t\t\t\t<\/div>\n\t\t\t\t<div class=\"elementor-element elementor-element-d5d31dd elementor-widget elementor-widget-text-editor\" data-id=\"d5d31dd\" data-element_type=\"widget\" data-e-type=\"widget\" data-widget_type=\"text-editor.default\">\n\t\t\t\t<div class=\"elementor-widget-container\">\n\t\t\t\t\t\t\t\t\t<p><strong>Walhaie<\/strong><\/p><p>Walhaie sind im Baa-Atoll ein h\u00e4ufiger Anblick, vor allem w\u00e4hrend der Manta-Saison. So ist es manchmal m\u00f6glich, in der Hanifaru-Bucht mit Mantas und einem oder zwei Walhaien gleichzeitig zu schnorcheln.<\/p><p>Walhaie sind auch au\u00dferhalb der Hanifaru-Bucht h\u00e4ufig zu sehen, entweder beim Schnorcheln oder Tauchen. Da sich Walhaie nicht allzu weit von der Hanifaru-Bucht entfernen, ist unser Standort ideal f\u00fcr Walhaibegegnungen.<\/p><p>In der Saison 2023 hatten wir besonders viele Walhaie in unserem Gebiet. In der Regel waren drei bis vier Tiere in der N\u00e4he unserer Insel zu sehen. W\u00e4hrend eines Gro\u00dfteils der Saison haben wir fast t\u00e4glich Walhaie gesichtet. Wir konnten unseren G\u00e4sten zwei- bis dreimal pro Woche das wirklich au\u00dfergew\u00f6hnliche Erlebnis des Nachtschnorchelns mit Walhaien bieten, und zwar mit bis zu drei Walhaien auf einmal. F\u00fcr unsere G\u00e4ste war dies ein wirklich einzigartiges Erlebnis, das ihnen lange in Erinnerung bleiben wird.<\/p><p>Bei den Walhaien hier handelt es sich ausschlie\u00dflich um Jungtiere mit einer L\u00e4nge von 6 bis 9 Metern. Es ist nicht bekannt, warum es hier keine erwachsenen Walhaie gibt.<\/p><p><strong>Riesenmantas<br><\/strong>Die Hanifaru Bay ist ein ganz besonderer Ort, um mit Mantas zu schnorcheln, aber die Chance, dort Riesenmantas zu sehen, ist ein seltenes und aufregendes Erlebnis. Diese pr\u00e4chtigen Kreaturen sind die gr\u00f6\u00dften Mantaart und sie k\u00f6nnen eine Spannweite von bis zu 7 Metern erreichen. Meistens sieht man jedoch nur Induvidien mit einer Spannweite von 4,5 Metern. Riesenmantas sind in der Hanifaru Bay nicht h\u00e4ufig zu sehen, aber in seltenen F\u00e4llen gesellen sich einzelne Exemplare zu den kleineren Riffmantas, um in der Bucht zu fressen. Falls Sie das Gl\u00fcck haben sollten, beim Schnorcheln in der Hanifaru Bay einen dieser riesigen ozeanischen Mantas zu sehen, ist das mit Sicherheit ein ganz besonderes Erlebnis.<\/p><p><strong>Spinnerdelfine<br><\/strong>In der Hanifaru-Bucht lebt auch eine Gruppe von Spinnerdelfinen, die aus 14 Tieren besteht. Leider bekommt man sie nicht oft zu Gesicht, da sie tags\u00fcber meist unterwegs sind. <\/p><p><strong>Sichtweite<\/strong><br>W\u00e4hrend der Manta-Saison gibt es viel Plankton im Wasser, kein Plankton &#8211; keine Mantas, aber die Sichtweite betr\u00e4gt trotzdem meist mehr als 25 m. Wenn es bew\u00f6lkt ist, dann ist es nat\u00fcrlich auch entsprechend dunkler.<\/p><p><strong>Wetter<\/strong><br>In den Sommermonaten ist Monsunzeit. Von Zeit zu Zeit muss man daher mit Regen rechnen. Meistens regnet es nicht jeden Tag, und wenn, dann nur ein kurzer Regenschauer. Das st\u00f6rt die Menschen in der Regel nicht. Wenn Sie jedoch Pech haben, kann es mehrere Tage hintereinander stark regnen.<br>Die Temperatur liegt tags\u00fcber bei etwa 30\u00b0C (86\u00b0F) und nachts bei 29\u00b0C (84\u00b0F), die Wassertemperatur betr\u00e4gt 29\u00b0 (84\u00b0F). Die Luftfeuchtigkeit liegt zwischen 85% und 90%.<\/p><p><strong>Manta Trust<\/strong><br>Informationen \u00fcber die Arbeit von Manta Trust finden Sie <a href=\"https:\/\/www.mantatrust.org\/maldives\" rel=\"noopener\"><em><strong>hier<\/strong><\/em><\/a>.<\/p>\t\t\t\t\t\t\t\t<\/div>\n\t\t\t\t<\/div>\n\t\t\t\t\t<\/div>\n\t\t<\/div>\n\t\t\t\t\t<\/div>\n\t\t<\/section>\n\t\t\t\t<\/div>\n\t\t","protected":false},"excerpt":{"rendered":"<p>Hanifaru Bay Schnorcheln mit Manta-Rochen und Walhaien https:\/\/fehivelaa-dive.com\/wp-content\/uploads\/2022\/11\/Hanifaru-1_1.webm Was ist Hanifaru Bay? Hanifaru Bay ist ein UNESCO-Biosph\u00e4renreservat im Baa-Atoll auf den Malediven, das gesetzlich als Meeresschutzgebiet ausgewiesen ist. Es gibt strenge Vorschriften zum Schutz und zur Erhaltung dieses erstaunlichen Naturwunders. Die Hanifaru-Bucht hat die Form eines Trichters mit einer L\u00e4nge von etwa 1300 Metern. Innerhalb [&hellip;]<\/p>\n","protected":false},"author":1,"featured_media":0,"parent":0,"menu_order":0,"comment_status":"closed","ping_status":"closed","template":"","meta":{"footnotes":""},"class_list":["post-5507","page","type-page","status-publish","hentry"],"_links":{"self":[{"href":"https:\/\/fehivelaa-dive.com\/de\/wp-json\/wp\/v2\/pages\/5507","targetHints":{"allow":["GET"]}}],"collection":[{"href":"https:\/\/fehivelaa-dive.com\/de\/wp-json\/wp\/v2\/pages"}],"about":[{"href":"https:\/\/fehivelaa-dive.com\/de\/wp-json\/wp\/v2\/types\/page"}],"author":[{"embeddable":true,"href":"https:\/\/fehivelaa-dive.com\/de\/wp-json\/wp\/v2\/users\/1"}],"replies":[{"embeddable":true,"href":"https:\/\/fehivelaa-dive.com\/de\/wp-json\/wp\/v2\/comments?post=5507"}],"version-history":[{"count":29,"href":"https:\/\/fehivelaa-dive.com\/de\/wp-json\/wp\/v2\/pages\/5507\/revisions"}],"predecessor-version":[{"id":7571,"href":"https:\/\/fehivelaa-dive.com\/de\/wp-json\/wp\/v2\/pages\/5507\/revisions\/7571"}],"wp:attachment":[{"href":"https:\/\/fehivelaa-dive.com\/de\/wp-json\/wp\/v2\/media?parent=5507"}],"curies":[{"name":"wp","href":"https:\/\/api.w.org\/{rel}","templated":true}]}}