{"id":5527,"date":"2021-06-03T22:40:03","date_gmt":"2021-06-03T17:40:03","guid":{"rendered":"https:\/\/fehivelaa-dive.com\/6-naechte-stay-dive-package-unser-top-seller\/"},"modified":"2025-01-23T17:18:27","modified_gmt":"2025-01-23T12:18:27","slug":"6-naechte-stay-dive-package-unser-top-seller","status":"publish","type":"page","link":"https:\/\/fehivelaa-dive.com\/de\/6-naechte-stay-dive-package-unser-top-seller\/","title":{"rendered":"6 N\u00e4chte Stay &amp; Dive Package &#8211; unser Top Seller"},"content":{"rendered":"\t\t<div data-elementor-type=\"wp-page\" data-elementor-id=\"5527\" class=\"elementor elementor-5527 elementor-1586\" data-elementor-post-type=\"page\">\n\t\t\t\t\t\t<section class=\"elementor-section elementor-top-section elementor-element elementor-element-105a049 elementor-section-boxed elementor-section-height-default elementor-section-height-default\" data-id=\"105a049\" data-element_type=\"section\" data-e-type=\"section\">\n\t\t\t\t\t\t<div class=\"elementor-container elementor-column-gap-default\">\n\t\t\t\t\t<div class=\"elementor-column elementor-col-100 elementor-top-column elementor-element elementor-element-b47932b\" data-id=\"b47932b\" data-element_type=\"column\" data-e-type=\"column\">\n\t\t\t<div class=\"elementor-widget-wrap elementor-element-populated\">\n\t\t\t\t\t\t<div class=\"elementor-element elementor-element-807d704 elementor-widget elementor-widget-heading\" data-id=\"807d704\" data-element_type=\"widget\" data-e-type=\"widget\" data-widget_type=\"heading.default\">\n\t\t\t\t<div class=\"elementor-widget-container\">\n\t\t\t\t\t<h1 class=\"elementor-heading-title elementor-size-default\">6 N\u00e4chte Stay &amp; Dive Package<\/h1>\t\t\t\t<\/div>\n\t\t\t\t<\/div>\n\t\t\t\t<div class=\"elementor-element elementor-element-e0a1ffa elementor-widget elementor-widget-text-editor\" data-id=\"e0a1ffa\" data-element_type=\"widget\" data-e-type=\"widget\" data-widget_type=\"text-editor.default\">\n\t\t\t\t<div class=\"elementor-widget-container\">\n\t\t\t\t\t\t\t\t\t<p>$1.543 pro Person, Zweibettzimmer, inklusive. Inlandsfl\u00fcge<\/p>\n\t\t\t\t\t\t\t\t<\/div>\n\t\t\t\t<\/div>\n\t\t\t\t<div class=\"elementor-element elementor-element-211a9e8 elementor-widget elementor-widget-text-editor\" data-id=\"211a9e8\" data-element_type=\"widget\" data-e-type=\"widget\" data-widget_type=\"text-editor.default\">\n\t\t\t\t<div class=\"elementor-widget-container\">\n\t\t\t\t\t\t\t\t\t<p>Dieses Paket empfiehlt sich f\u00fcr Taucher, die sich vor allem von der Faszination der Mantas und der Hanifaru Bay angezogen f\u00fchlen. W\u00e4hrend der Manta-Saison ist die Wahrscheinlichkeit recht hoch, mit diesen mGesch\u00f6pfen in der Hanifaru-Bay zu schnorcheln. Dar\u00fcber hinaus ist ausreichend Zeit vorhanden, um mit Mantas an verschiedenen Putzerstatioen zu tauchen und die reichen Fauna und Flora des Baa-Atolls zu erkunden.<\/p>\n<p><strong>Nat\u00fcrlich wissen wir, dass die Vorlieben unterschiedlich sind. Wir sind daher gerne bereit, unsere Tauchpakete an Ihre individuellen Bed\u00fcrfnisse anzupassen, einschlie\u00dflich der L\u00e4nge des Aufenthalts und der Anzahl der Tauchg\u00e4nge.<\/strong><\/p>\n<p><span style=\"color: #000000;\"><strong><span style=\"color: #ff0000;\">F\u00fcr Alleinreisende:<\/span><\/strong><br \/><span style=\"color: #333333;\">Wir bieten eine begrenzte Anzahl von Terminen an, an denen Sie sich ein Doppelzimmer sichern k\u00f6nnen, ohne den Einzelzimmerzuschlag zahlen zu m\u00fcssen. Bitte erkundigen Sie sich bei uns nach der Verf\u00fcgbarkeit.<\/span><\/span><\/p>\n\t\t\t\t\t\t\t\t<\/div>\n\t\t\t\t<\/div>\n\t\t\t\t<div class=\"elementor-element elementor-element-108a2ba elementor-widget__width-initial elementor-widget-mobile__width-inherit elementor-widget elementor-widget-text-editor\" data-id=\"108a2ba\" data-element_type=\"widget\" data-e-type=\"widget\" data-widget_type=\"text-editor.default\">\n\t\t\t\t<div class=\"elementor-widget-container\">\n\t\t\t\t\t\t\t\t\t<p>Preis f\u00fcr das Paket:<\/p>\n\t\t\t\t\t\t\t\t<\/div>\n\t\t\t\t<\/div>\n\t\t\t\t<div class=\"elementor-element elementor-element-7a81189 elementor-widget__width-initial elementor-widget-mobile__width-inherit elementor-widget elementor-widget-text-editor\" data-id=\"7a81189\" data-element_type=\"widget\" data-e-type=\"widget\" data-widget_type=\"text-editor.default\">\n\t\t\t\t<div class=\"elementor-widget-container\">\n\t\t\t\t\t\t\t\t\t<p><strong>1.543 USD<\/strong><\/p>\n\t\t\t\t\t\t\t\t<\/div>\n\t\t\t\t<\/div>\n\t\t\t\t<div class=\"elementor-element elementor-element-8bf8f1c elementor-widget__width-initial elementor-widget-mobile__width-inherit elementor-widget elementor-widget-text-editor\" data-id=\"8bf8f1c\" data-element_type=\"widget\" data-e-type=\"widget\" data-widget_type=\"text-editor.default\">\n\t\t\t\t<div class=\"elementor-widget-container\">\n\t\t\t\t\t\t\t\t\t<p>Was ist eingeschlossen:<\/p>\n\t\t\t\t\t\t\t\t<\/div>\n\t\t\t\t<\/div>\n\t\t\t\t<div class=\"elementor-element elementor-element-3d6b3f9 elementor-widget__width-initial elementor-widget-mobile__width-inherit elementor-widget elementor-widget-text-editor\" data-id=\"3d6b3f9\" data-element_type=\"widget\" data-e-type=\"widget\" data-widget_type=\"text-editor.default\">\n\t\t\t\t<div class=\"elementor-widget-container\">\n\t\t\t\t\t\t\t\t\t<ul>\n<li>Inlandsfl\u00fcge Male &#8211; Dharavandhoo &#8211; Male<\/li>\n<li>Transfer von und nach Dharavandhoo<\/li>\n<li>Unterkunft im Fehi Velaa Stay, unserem eigenen G\u00e4stehaus, im Doppelzimmer<\/li>\n<li>Vollpension (Fr\u00fchst\u00fcck, Mittag- und Abendessen, ohne Getr\u00e4nke)<\/li>\n<li>10 gef\u00fchrte Bootstauchg\u00e4nge (keine Erstattung bei weniger Tauchg\u00e4ngen)<\/li>\n<li>Sie k\u00f6nnen 2 Tauchg\u00e4nge durch 2 Trips nach Hanifaru Bay ersetzen<\/li>\n<li>Pressluftflaschen und Gewichte, leihweise<\/li>\n<li>NITROX f\u00fcr zertifizierte Taucher<\/li>\n<li>17% TGST (Touristische Waren- und Dienstleistungssteuer)<\/li>\n<li>10% Service Surcharge<\/li>\n<li>$6.00 Greentax pro Nacht<\/li>\n<\/ul>\n\t\t\t\t\t\t\t\t<\/div>\n\t\t\t\t<\/div>\n\t\t\t\t<div class=\"elementor-element elementor-element-a4138a1 elementor-widget__width-initial elementor-widget-mobile__width-inherit elementor-widget elementor-widget-text-editor\" data-id=\"a4138a1\" data-element_type=\"widget\" data-e-type=\"widget\" data-widget_type=\"text-editor.default\">\n\t\t\t\t<div class=\"elementor-widget-container\">\n\t\t\t\t\t\t\t\t\t<p>Was ist nicht eingeschlossen:<\/p>\n\t\t\t\t\t\t\t\t<\/div>\n\t\t\t\t<\/div>\n\t\t\t\t<div class=\"elementor-element elementor-element-79b3178 elementor-widget__width-initial elementor-widget-mobile__width-inherit elementor-widget elementor-widget-text-editor\" data-id=\"79b3178\" data-element_type=\"widget\" data-e-type=\"widget\" data-widget_type=\"text-editor.default\">\n\t\t\t\t<div class=\"elementor-widget-container\">\n\t\t\t\t\t\t\t\t\t<ul>\n<li>Leihausr\u00fcstung<\/li>\n<li>obligatorische Tauchversicherung<\/li>\n<li>Unterwasserlampe, Leihgeb\u00fchr<\/li>\n<\/ul>\n\t\t\t\t\t\t\t\t<\/div>\n\t\t\t\t<\/div>\n\t\t\t\t\t<\/div>\n\t\t<\/div>\n\t\t\t\t\t<\/div>\n\t\t<\/section>\n\t\t\t\t<section class=\"elementor-section elementor-top-section elementor-element elementor-element-6906405 elementor-section-boxed elementor-section-height-default elementor-section-height-default\" data-id=\"6906405\" data-element_type=\"section\" data-e-type=\"section\">\n\t\t\t\t\t\t<div class=\"elementor-container elementor-column-gap-default\">\n\t\t\t\t\t<div class=\"elementor-column elementor-col-100 elementor-top-column elementor-element elementor-element-e2a78e2\" data-id=\"e2a78e2\" data-element_type=\"column\" data-e-type=\"column\">\n\t\t\t<div class=\"elementor-widget-wrap elementor-element-populated\">\n\t\t\t\t\t\t<div class=\"elementor-element elementor-element-b318487 elementor-widget elementor-widget-heading\" data-id=\"b318487\" data-element_type=\"widget\" data-e-type=\"widget\" data-widget_type=\"heading.default\">\n\t\t\t\t<div class=\"elementor-widget-container\">\n\t\t\t\t\t<h2 class=\"elementor-heading-title elementor-size-default\">Fehi Velaa Stay<\/h2>\t\t\t\t<\/div>\n\t\t\t\t<\/div>\n\t\t\t\t<div class=\"elementor-element elementor-element-2394b4e elementor-widget elementor-widget-heading\" data-id=\"2394b4e\" data-element_type=\"widget\" data-e-type=\"widget\" data-widget_type=\"heading.default\">\n\t\t\t\t<div class=\"elementor-widget-container\">\n\t\t\t\t\t<h3 class=\"elementor-heading-title elementor-size-default\">Das G\u00e4stehaus von Fehi Velaa Dive <\/h3>\t\t\t\t<\/div>\n\t\t\t\t<\/div>\n\t\t\t\t<div class=\"elementor-element elementor-element-17280d0 elementor-widget elementor-widget-text-editor\" data-id=\"17280d0\" data-element_type=\"widget\" data-e-type=\"widget\" data-widget_type=\"text-editor.default\">\n\t\t\t\t<div class=\"elementor-widget-container\">\n\t\t\t\t\t\t\t\t\t<p>Um unser Angebot f\u00fcr unsere G\u00e4ste zu verbessern, haben wir unser eigenes G\u00e4stehaus gebaut.<\/p>\n<p>Die Mahlzeiten werden vor Ort in einem eigenen Restaurant serviert. Dar\u00fcber hinaus bietet eine ger\u00e4umige Terrasse im zweiten Stock einen Bereich zum Sonnenbaden, der den kulturellen Empfindlichkeiten der einheimischen Bev\u00f6lkerung Rechnung tr\u00e4gt.<\/p>\n<p>Unsere 23 m\u00b2 gro\u00dfen Zimmer sind klimatisiert und mit einem gro\u00dfz\u00fcgigen Doppelbett von 200 cm x 200 cm ausgestattet.<\/p>\n\t\t\t\t\t\t\t\t<\/div>\n\t\t\t\t<\/div>\n\t\t\t\t<div class=\"elementor-element elementor-element-6d13f5c elementor-widget elementor-widget-image\" data-id=\"6d13f5c\" data-element_type=\"widget\" data-e-type=\"widget\" data-widget_type=\"image.default\">\n\t\t\t\t<div class=\"elementor-widget-container\">\n\t\t\t\t\t\t\t\t\t\t\t\t\t\t\t<img fetchpriority=\"high\" decoding=\"async\" width=\"512\" height=\"384\" src=\"https:\/\/fehivelaa-dive.com\/wp-content\/uploads\/2022\/09\/Fehi-Velaa-Stay-Front-View-s-1.jpeg\" class=\"attachment-large size-large wp-image-5409\" alt=\"\" srcset=\"https:\/\/fehivelaa-dive.com\/wp-content\/uploads\/2022\/09\/Fehi-Velaa-Stay-Front-View-s-1.jpeg 512w, https:\/\/fehivelaa-dive.com\/wp-content\/uploads\/2022\/09\/Fehi-Velaa-Stay-Front-View-s-1-300x225.jpeg 300w\" sizes=\"(max-width: 512px) 100vw, 512px\" \/>\t\t\t\t\t\t\t\t\t\t\t\t\t\t\t<\/div>\n\t\t\t\t<\/div>\n\t\t\t\t<div class=\"elementor-element elementor-element-978b08c elementor-widget__width-initial elementor-widget-mobile__width-inherit elementor-widget elementor-widget-image\" data-id=\"978b08c\" data-element_type=\"widget\" data-e-type=\"widget\" data-widget_type=\"image.default\">\n\t\t\t\t<div class=\"elementor-widget-container\">\n\t\t\t\t\t\t\t\t\t\t\t\t\t\t\t<img decoding=\"async\" width=\"768\" height=\"512\" src=\"https:\/\/fehivelaa-dive.com\/wp-content\/uploads\/2024\/01\/01-768x512.webp\" class=\"attachment-medium_large size-medium_large wp-image-7090\" alt=\"Fehi Velaa Stay Room\" srcset=\"https:\/\/fehivelaa-dive.com\/wp-content\/uploads\/2024\/01\/01-768x512.webp 768w, https:\/\/fehivelaa-dive.com\/wp-content\/uploads\/2024\/01\/01-300x200.webp 300w, https:\/\/fehivelaa-dive.com\/wp-content\/uploads\/2024\/01\/01.webp 1024w\" sizes=\"(max-width: 768px) 100vw, 768px\" \/>\t\t\t\t\t\t\t\t\t\t\t\t\t\t\t<\/div>\n\t\t\t\t<\/div>\n\t\t\t\t<div class=\"elementor-element elementor-element-454caef elementor-widget__width-initial elementor-widget-mobile__width-inherit elementor-widget elementor-widget-image\" data-id=\"454caef\" data-element_type=\"widget\" data-e-type=\"widget\" data-widget_type=\"image.default\">\n\t\t\t\t<div class=\"elementor-widget-container\">\n\t\t\t\t\t\t\t\t\t\t\t\t\t\t\t<img decoding=\"async\" width=\"512\" height=\"384\" src=\"https:\/\/fehivelaa-dive.com\/wp-content\/uploads\/2022\/09\/Fehi-Velaa-Stay-Room-2-s.jpeg\" class=\"attachment-medium_large size-medium_large wp-image-5404\" alt=\"\" srcset=\"https:\/\/fehivelaa-dive.com\/wp-content\/uploads\/2022\/09\/Fehi-Velaa-Stay-Room-2-s.jpeg 512w, https:\/\/fehivelaa-dive.com\/wp-content\/uploads\/2022\/09\/Fehi-Velaa-Stay-Room-2-s-300x225.jpeg 300w\" sizes=\"(max-width: 512px) 100vw, 512px\" \/>\t\t\t\t\t\t\t\t\t\t\t\t\t\t\t<\/div>\n\t\t\t\t<\/div>\n\t\t\t\t<div class=\"elementor-element elementor-element-688e24b elementor-widget__width-initial elementor-widget-mobile__width-inherit elementor-widget elementor-widget-image\" data-id=\"688e24b\" data-element_type=\"widget\" data-e-type=\"widget\" data-widget_type=\"image.default\">\n\t\t\t\t<div class=\"elementor-widget-container\">\n\t\t\t\t\t\t\t\t\t\t\t\t\t\t\t<img loading=\"lazy\" decoding=\"async\" width=\"384\" height=\"512\" src=\"https:\/\/fehivelaa-dive.com\/wp-content\/uploads\/2022\/09\/Fehi-Velaa-Stay-Bathroom-1-s.jpeg\" class=\"attachment-medium_large size-medium_large wp-image-5403\" alt=\"\" srcset=\"https:\/\/fehivelaa-dive.com\/wp-content\/uploads\/2022\/09\/Fehi-Velaa-Stay-Bathroom-1-s.jpeg 384w, https:\/\/fehivelaa-dive.com\/wp-content\/uploads\/2022\/09\/Fehi-Velaa-Stay-Bathroom-1-s-225x300.jpeg 225w\" sizes=\"(max-width: 384px) 100vw, 384px\" \/>\t\t\t\t\t\t\t\t\t\t\t\t\t\t\t<\/div>\n\t\t\t\t<\/div>\n\t\t\t\t<div class=\"elementor-element elementor-element-916f9b3 elementor-widget__width-initial elementor-widget-mobile__width-inherit elementor-widget elementor-widget-image\" data-id=\"916f9b3\" data-element_type=\"widget\" data-e-type=\"widget\" data-widget_type=\"image.default\">\n\t\t\t\t<div class=\"elementor-widget-container\">\n\t\t\t\t\t\t\t\t\t\t\t\t\t\t\t<img loading=\"lazy\" decoding=\"async\" width=\"384\" height=\"512\" src=\"https:\/\/fehivelaa-dive.com\/wp-content\/uploads\/2022\/09\/Fehi-Velaa-Stay-Bathroom-2-s.jpeg\" class=\"attachment-medium_large size-medium_large wp-image-5408\" alt=\"\" srcset=\"https:\/\/fehivelaa-dive.com\/wp-content\/uploads\/2022\/09\/Fehi-Velaa-Stay-Bathroom-2-s.jpeg 384w, https:\/\/fehivelaa-dive.com\/wp-content\/uploads\/2022\/09\/Fehi-Velaa-Stay-Bathroom-2-s-225x300.jpeg 225w\" sizes=\"(max-width: 384px) 100vw, 384px\" \/>\t\t\t\t\t\t\t\t\t\t\t\t\t\t\t<\/div>\n\t\t\t\t<\/div>\n\t\t\t\t<div class=\"elementor-element elementor-element-5c1b8f6 elementor-widget__width-initial elementor-widget-mobile__width-inherit elementor-widget elementor-widget-image\" data-id=\"5c1b8f6\" data-element_type=\"widget\" data-e-type=\"widget\" data-widget_type=\"image.default\">\n\t\t\t\t<div class=\"elementor-widget-container\">\n\t\t\t\t\t\t\t\t\t\t\t\t\t\t\t<img loading=\"lazy\" decoding=\"async\" width=\"384\" height=\"512\" src=\"https:\/\/fehivelaa-dive.com\/wp-content\/uploads\/2022\/09\/Fehi-Velaa-Stay-Bathroom-3-s.jpeg\" class=\"attachment-medium_large size-medium_large wp-image-5407\" alt=\"\" srcset=\"https:\/\/fehivelaa-dive.com\/wp-content\/uploads\/2022\/09\/Fehi-Velaa-Stay-Bathroom-3-s.jpeg 384w, https:\/\/fehivelaa-dive.com\/wp-content\/uploads\/2022\/09\/Fehi-Velaa-Stay-Bathroom-3-s-225x300.jpeg 225w\" sizes=\"(max-width: 384px) 100vw, 384px\" \/>\t\t\t\t\t\t\t\t\t\t\t\t\t\t\t<\/div>\n\t\t\t\t<\/div>\n\t\t\t\t<div class=\"elementor-element elementor-element-b8af60b elementor-widget elementor-widget-image\" data-id=\"b8af60b\" data-element_type=\"widget\" data-e-type=\"widget\" data-widget_type=\"image.default\">\n\t\t\t\t<div class=\"elementor-widget-container\">\n\t\t\t\t\t\t\t\t\t\t\t\t\t\t\t<img loading=\"lazy\" decoding=\"async\" width=\"800\" height=\"534\" src=\"https:\/\/fehivelaa-dive.com\/wp-content\/uploads\/2024\/01\/11.webp\" class=\"attachment-large size-large wp-image-7106\" alt=\"Fehi Velaa Stay View from Dining Aerea\" srcset=\"https:\/\/fehivelaa-dive.com\/wp-content\/uploads\/2024\/01\/11.webp 1024w, https:\/\/fehivelaa-dive.com\/wp-content\/uploads\/2024\/01\/11-300x200.webp 300w, https:\/\/fehivelaa-dive.com\/wp-content\/uploads\/2024\/01\/11-768x512.webp 768w\" sizes=\"(max-width: 800px) 100vw, 800px\" \/>\t\t\t\t\t\t\t\t\t\t\t\t\t\t\t<\/div>\n\t\t\t\t<\/div>\n\t\t\t\t<div class=\"elementor-element elementor-element-5999a8d elementor-widget elementor-widget-heading\" data-id=\"5999a8d\" data-element_type=\"widget\" data-e-type=\"widget\" data-widget_type=\"heading.default\">\n\t\t\t\t<div class=\"elementor-widget-container\">\n\t\t\t\t\t<h2 class=\"elementor-heading-title elementor-size-default\">Problemlose Buchung<\/h2>\t\t\t\t<\/div>\n\t\t\t\t<\/div>\n\t\t\t\t<div class=\"elementor-element elementor-element-cc7c3eb elementor-widget-mobile__width-inherit elementor-widget elementor-widget-text-editor\" data-id=\"cc7c3eb\" data-element_type=\"widget\" data-e-type=\"widget\" data-widget_type=\"text-editor.default\">\n\t\t\t\t<div class=\"elementor-widget-container\">\n\t\t\t\t\t\t\t\t\t<p>Klicken Sie auf die Schaltfl\u00e4che unten, um Ihre Buchungsanfrage m\u00fchelos an uns zu senden. Sie erhalten alle erforderlichen Informationen umgehend, um eine reibungslose Buchung zu erm\u00f6glichen.<\/p>\n\t\t\t\t\t\t\t\t<\/div>\n\t\t\t\t<\/div>\n\t\t\t\t<div data-wpl_tracker=\"{&quot;gtag&quot;:true,&quot;gtag_category&quot;:&quot;Booking Inquiry&quot;,&quot;gtag_action&quot;:&quot;Home Page - Booking Inqu.&quot;,&quot;gtag_label&quot;:&quot;Booking Inquiry Home Page&quot;,&quot;gtm&quot;:true,&quot;adwords&quot;:true,&quot;adwords_label&quot;:&quot;Booking Iquiry Home Page&quot;,&quot;adwords_currency&quot;:&quot;USD&quot;,&quot;adwords_value&quot;:30,&quot;adwords_id&quot;:&quot;AW-10788324588&quot;}\" class=\"events-tracker-for-elementor elementor-element elementor-element-dcee5e4 elementor-tablet-align-center elementor-align-center elementor-mobile-align-center elementor-widget-mobile__width-initial elementor-widget elementor-widget-button\" data-id=\"dcee5e4\" data-element_type=\"widget\" data-e-type=\"widget\" data-widget_type=\"button.default\">\n\t\t\t\t<div class=\"elementor-widget-container\">\n\t\t\t\t\t\t\t\t\t<div class=\"elementor-button-wrapper\">\n\t\t\t\t\t<a class=\"elementor-button elementor-button-link elementor-size-lg\" href=\"https:\/\/fehivelaa-dive.com\/de\/buchungsanfrage\/\">\n\t\t\t\t\t\t<span class=\"elementor-button-content-wrapper\">\n\t\t\t\t\t\t\t\t\t<span class=\"elementor-button-text\">Buchungsanfrage<\/span>\n\t\t\t\t\t<\/span>\n\t\t\t\t\t<\/a>\n\t\t\t\t<\/div>\n\t\t\t\t\t\t\t\t<\/div>\n\t\t\t\t<\/div>\n\t\t\t\t\t<\/div>\n\t\t<\/div>\n\t\t\t\t\t<\/div>\n\t\t<\/section>\n\t\t\t\t<section class=\"elementor-section elementor-top-section elementor-element elementor-element-e65baf6 elementor-hidden-desktop elementor-hidden-tablet elementor-hidden-mobile elementor-section-boxed elementor-section-height-default elementor-section-height-default\" data-id=\"e65baf6\" data-element_type=\"section\" data-e-type=\"section\">\n\t\t\t\t\t\t<div class=\"elementor-container elementor-column-gap-default\">\n\t\t\t\t\t<div class=\"elementor-column elementor-col-100 elementor-top-column elementor-element elementor-element-6dc1129\" data-id=\"6dc1129\" data-element_type=\"column\" data-e-type=\"column\">\n\t\t\t<div class=\"elementor-widget-wrap elementor-element-populated\">\n\t\t\t\t\t\t<div class=\"elementor-element elementor-element-bb0f306 elementor-widget elementor-widget-heading\" data-id=\"bb0f306\" data-element_type=\"widget\" data-e-type=\"widget\" data-widget_type=\"heading.default\">\n\t\t\t\t<div class=\"elementor-widget-container\">\n\t\t\t\t\t<h2 class=\"elementor-heading-title elementor-size-default\">Buchungsanfrage <\/h2>\t\t\t\t<\/div>\n\t\t\t\t<\/div>\n\t\t\t\t<div class=\"elementor-element elementor-element-16febd8 elementor-widget elementor-widget-text-editor\" data-id=\"16febd8\" data-element_type=\"widget\" data-e-type=\"widget\" data-widget_type=\"text-editor.default\">\n\t\t\t\t<div class=\"elementor-widget-container\">\n\t\t\t\t\t\t\t\t\t<p>Sie k\u00f6nnen das Buchungsformular unten verwenden, um eine Buchungsanfrage direkt an uns zu senden.<\/p>\n\t\t\t\t\t\t\t\t<\/div>\n\t\t\t\t<\/div>\n\t\t\t\t<div class=\"elementor-element elementor-element-f421cc5 elementor-widget elementor-widget-heading\" data-id=\"f421cc5\" data-element_type=\"widget\" data-e-type=\"widget\" data-widget_type=\"heading.default\">\n\t\t\t\t<div class=\"elementor-widget-container\">\n\t\t\t\t\t<h5 class=\"elementor-heading-title elementor-size-default\">Buchungsanfrage<\/h5>\t\t\t\t<\/div>\n\t\t\t\t<\/div>\n\t\t\t\t<div class=\"elementor-element elementor-element-dd7b5b5 elementor-button-align-stretch elementor-widget elementor-widget-form\" data-id=\"dd7b5b5\" data-element_type=\"widget\" data-e-type=\"widget\" data-settings=\"{&quot;step_next_label&quot;:&quot;N\\u00e4chster&quot;,&quot;step_previous_label&quot;:&quot;Voriger&quot;,&quot;button_width&quot;:&quot;100&quot;,&quot;step_type&quot;:&quot;number_text&quot;,&quot;step_icon_shape&quot;:&quot;circle&quot;}\" data-widget_type=\"form.default\">\n\t\t\t\t<div class=\"elementor-widget-container\">\n\t\t\t\t\t\t\t<form class=\"elementor-form\" method=\"post\" data-wpl_tracker=\"{&quot;gtag&quot;:true,&quot;gtag_category&quot;:&quot;booking inquiry&quot;,&quot;gtag_action&quot;:&quot;Booking Inquiry&quot;,&quot;gtag_label&quot;:&quot;Booking Inquiry Sent&quot;,&quot;adwords&quot;:true,&quot;adwords_label&quot;:&quot;Booking Inquiry&quot;,&quot;adwords_currency&quot;:&quot;USD&quot;,&quot;adwords_value&quot;:20,&quot;adwords_id&quot;:&quot;AW-10788324588&quot;}\" class=\"events-tracker-for-elementor\" name=\"Neues Formular\" aria-label=\"Neues Formular\">\n\t\t\t<input type=\"hidden\" name=\"post_id\" value=\"5527\"\/>\n\t\t\t<input type=\"hidden\" name=\"form_id\" value=\"dd7b5b5\"\/>\n\t\t\t<input type=\"hidden\" name=\"referer_title\" value=\"6 N\u00e4chte Stay &amp; Dive Package - unser Top Seller\" \/>\n\n\t\t\t\t\t\t\t<input type=\"hidden\" name=\"queried_id\" value=\"5527\"\/>\n\t\t\t\n\t\t\t<div class=\"elementor-form-fields-wrapper elementor-labels-above\">\n\t\t\t\t\t\t\t\t<div class=\"elementor-field-type-text elementor-field-group elementor-column elementor-field-group-name elementor-col-100\">\n\t\t\t\t\t\t\t\t\t\t\t\t<label for=\"form-field-name\" class=\"elementor-field-label\">\n\t\t\t\t\t\t\t\tName\t\t\t\t\t\t\t<\/label>\n\t\t\t\t\t\t\t\t\t\t\t\t\t\t<input size=\"1\" type=\"text\" name=\"form_fields[name]\" id=\"form-field-name\" class=\"elementor-field elementor-size-sm  elementor-field-textual\" placeholder=\"Name\">\n\t\t\t\t\t\t\t\t\t\t\t<\/div>\n\t\t\t\t\t\t\t\t<div class=\"elementor-field-type-email elementor-field-group elementor-column elementor-field-group-email elementor-col-100 elementor-field-required\">\n\t\t\t\t\t\t\t\t\t\t\t\t<label for=\"form-field-email\" class=\"elementor-field-label\">\n\t\t\t\t\t\t\t\tE-Mail\t\t\t\t\t\t\t<\/label>\n\t\t\t\t\t\t\t\t\t\t\t\t\t\t<input size=\"1\" type=\"email\" name=\"form_fields[email]\" id=\"form-field-email\" class=\"elementor-field elementor-size-sm  elementor-field-textual\" placeholder=\"E-Mail\" required=\"required\">\n\t\t\t\t\t\t\t\t\t\t\t<\/div>\n\t\t\t\t\t\t\t\t<div class=\"elementor-field-type-date elementor-field-group elementor-column elementor-field-group-field_4b19a3e elementor-col-30\">\n\t\t\t\t\t\t\t\t\t\t\t\t<label for=\"form-field-field_4b19a3e\" class=\"elementor-field-label\">\n\t\t\t\t\t\t\t\tGew\u00fcnschtes Ankunftsdatum\t\t\t\t\t\t\t<\/label>\n\t\t\t\t\t\t\n\t\t<input type=\"date\" name=\"form_fields[field_4b19a3e]\" id=\"form-field-field_4b19a3e\" class=\"elementor-field elementor-size-sm  elementor-field-textual elementor-date-field\" placeholder=\"Ankunftsdatum\" pattern=\"[0-9]{4}-[0-9]{2}-[0-9]{2}\">\n\t\t\t\t\t\t<\/div>\n\t\t\t\t\t\t\t\t<div class=\"elementor-field-type-number elementor-field-group elementor-column elementor-field-group-field_ffaa28f elementor-col-30\">\n\t\t\t\t\t\t\t\t\t\t\t\t<label for=\"form-field-field_ffaa28f\" class=\"elementor-field-label\">\n\t\t\t\t\t\t\t\tAnzahl Personen\t\t\t\t\t\t\t<\/label>\n\t\t\t\t\t\t\t\t\t<input type=\"number\" name=\"form_fields[field_ffaa28f]\" id=\"form-field-field_ffaa28f\" class=\"elementor-field elementor-size-sm  elementor-field-textual\" placeholder=\"Anzahl Personen\" min=\"\" max=\"\" >\n\t\t\t\t\t\t<\/div>\n\t\t\t\t\t\t\t\t<div class=\"elementor-field-type-text elementor-field-group elementor-column elementor-field-group-field_3d06ec3 elementor-col-30\">\n\t\t\t\t\t\t\t\t\t\t\t\t<label for=\"form-field-field_3d06ec3\" class=\"elementor-field-label\">\n\t\t\t\t\t\t\t\tAnzahl Zimmer\t\t\t\t\t\t\t<\/label>\n\t\t\t\t\t\t\t\t\t\t\t\t\t\t<input size=\"1\" type=\"text\" name=\"form_fields[field_3d06ec3]\" id=\"form-field-field_3d06ec3\" class=\"elementor-field elementor-size-sm  elementor-field-textual\" placeholder=\"Anzahl Zimmer\">\n\t\t\t\t\t\t\t\t\t\t\t<\/div>\n\t\t\t\t\t\t\t\t<div class=\"elementor-field-type-textarea elementor-field-group elementor-column elementor-field-group-message elementor-col-100 elementor-field-required\">\n\t\t\t\t\t\t\t\t\t\t\t\t<label for=\"form-field-message\" class=\"elementor-field-label\">\n\t\t\t\t\t\t\t\tNachricht\t\t\t\t\t\t\t<\/label>\n\t\t\t\t\t\t<textarea class=\"elementor-field-textual elementor-field  elementor-size-sm\" name=\"form_fields[message]\" id=\"form-field-message\" rows=\"4\" placeholder=\"Nachricht\" required=\"required\"><\/textarea>\t\t\t\t<\/div>\n\t\t\t\t\t\t\t\t<div class=\"elementor-field-group elementor-column elementor-field-type-submit elementor-col-100 e-form__buttons\">\n\t\t\t\t\t<button class=\"elementor-button elementor-size-sm\" type=\"submit\">\n\t\t\t\t\t\t<span class=\"elementor-button-content-wrapper\">\n\t\t\t\t\t\t\t\t\t\t\t\t\t\t\t\t\t\t\t\t\t\t<span class=\"elementor-button-text\">Senden<\/span>\n\t\t\t\t\t\t\t\t\t\t\t\t\t<\/span>\n\t\t\t\t\t<\/button>\n\t\t\t\t<\/div>\n\t\t\t<\/div>\n\t\t<\/form>\n\t\t\t\t\t\t<\/div>\n\t\t\t\t<\/div>\n\t\t\t\t\t<\/div>\n\t\t<\/div>\n\t\t\t\t\t<\/div>\n\t\t<\/section>\n\t\t\t\t<\/div>\n\t\t","protected":false},"excerpt":{"rendered":"<p>6 N\u00e4chte Stay &amp; Dive Package $1.543 pro Person, Zweibettzimmer, inklusive. Inlandsfl\u00fcge Dieses Paket empfiehlt sich f\u00fcr Taucher, die sich vor allem von der Faszination der Mantas und der Hanifaru Bay angezogen f\u00fchlen. W\u00e4hrend der Manta-Saison ist die Wahrscheinlichkeit recht hoch, mit diesen mGesch\u00f6pfen in der Hanifaru-Bay zu schnorcheln. Dar\u00fcber hinaus ist ausreichend Zeit vorhanden, [&hellip;]<\/p>\n","protected":false},"author":1,"featured_media":0,"parent":0,"menu_order":0,"comment_status":"closed","ping_status":"closed","template":"","meta":{"footnotes":""},"class_list":["post-5527","page","type-page","status-publish","hentry"],"_links":{"self":[{"href":"https:\/\/fehivelaa-dive.com\/de\/wp-json\/wp\/v2\/pages\/5527","targetHints":{"allow":["GET"]}}],"collection":[{"href":"https:\/\/fehivelaa-dive.com\/de\/wp-json\/wp\/v2\/pages"}],"about":[{"href":"https:\/\/fehivelaa-dive.com\/de\/wp-json\/wp\/v2\/types\/page"}],"author":[{"embeddable":true,"href":"https:\/\/fehivelaa-dive.com\/de\/wp-json\/wp\/v2\/users\/1"}],"replies":[{"embeddable":true,"href":"https:\/\/fehivelaa-dive.com\/de\/wp-json\/wp\/v2\/comments?post=5527"}],"version-history":[{"count":4,"href":"https:\/\/fehivelaa-dive.com\/de\/wp-json\/wp\/v2\/pages\/5527\/revisions"}],"predecessor-version":[{"id":7494,"href":"https:\/\/fehivelaa-dive.com\/de\/wp-json\/wp\/v2\/pages\/5527\/revisions\/7494"}],"wp:attachment":[{"href":"https:\/\/fehivelaa-dive.com\/de\/wp-json\/wp\/v2\/media?parent=5527"}],"curies":[{"name":"wp","href":"https:\/\/api.w.org\/{rel}","templated":true}]}}