{"id":5566,"date":"2021-05-23T12:02:31","date_gmt":"2021-05-23T07:02:31","guid":{"rendered":"https:\/\/fehivelaa-dive.com\/tauchbasis-der-beste-ort-um-im-baa-atoll-zu-tauchen\/"},"modified":"2025-09-20T12:13:51","modified_gmt":"2025-09-20T07:13:51","slug":"tauchbasis-der-beste-ort-um-im-baa-atoll-zu-tauchen","status":"publish","type":"page","link":"https:\/\/fehivelaa-dive.com\/de\/tauchbasis-der-beste-ort-um-im-baa-atoll-zu-tauchen\/","title":{"rendered":"Tauchbasis &#8211; der beste Ort um im Baa Atoll zu tauchen."},"content":{"rendered":"\t\t<div data-elementor-type=\"wp-page\" data-elementor-id=\"5566\" class=\"elementor elementor-5566 elementor-574\" data-elementor-post-type=\"page\">\n\t\t\t\t\t\t<section class=\"elementor-section elementor-top-section elementor-element elementor-element-73dfb29 elementor-section-boxed elementor-section-height-default elementor-section-height-default\" data-id=\"73dfb29\" data-element_type=\"section\" data-e-type=\"section\">\n\t\t\t\t\t\t<div class=\"elementor-container elementor-column-gap-default\">\n\t\t\t\t\t<div class=\"elementor-column elementor-col-100 elementor-top-column elementor-element elementor-element-4913f8a\" data-id=\"4913f8a\" data-element_type=\"column\" data-e-type=\"column\">\n\t\t\t<div class=\"elementor-widget-wrap elementor-element-populated\">\n\t\t\t\t\t\t<div class=\"elementor-element elementor-element-ce40e1e elementor-widget elementor-widget-heading\" data-id=\"ce40e1e\" data-element_type=\"widget\" data-e-type=\"widget\" data-widget_type=\"heading.default\">\n\t\t\t\t<div class=\"elementor-widget-container\">\n\t\t\t\t\t<h1 class=\"elementor-heading-title elementor-size-default\">Fehi Velaa Dive Center<\/h1>\t\t\t\t<\/div>\n\t\t\t\t<\/div>\n\t\t\t\t<div class=\"elementor-element elementor-element-45b7a4d elementor-widget elementor-widget-heading\" data-id=\"45b7a4d\" data-element_type=\"widget\" data-e-type=\"widget\" data-widget_type=\"heading.default\">\n\t\t\t\t<div class=\"elementor-widget-container\">\n\t\t\t\t\t<h2 class=\"elementor-heading-title elementor-size-default\">Der ideale Ort, um auf den Malediven zu tauchen.<\/h2>\t\t\t\t<\/div>\n\t\t\t\t<\/div>\n\t\t\t\t<div class=\"elementor-element elementor-element-8b3e8cb elementor-widget__width-initial elementor-widget-mobile__width-inherit elementor-widget elementor-widget-image\" data-id=\"8b3e8cb\" data-element_type=\"widget\" data-e-type=\"widget\" data-widget_type=\"image.default\">\n\t\t\t\t<div class=\"elementor-widget-container\">\n\t\t\t\t\t\t\t\t\t\t\t\t\t\t\t<img fetchpriority=\"high\" decoding=\"async\" width=\"800\" height=\"966\" src=\"https:\/\/fehivelaa-dive.com\/wp-content\/uploads\/2022\/04\/Dive-Center-Opening-800-x-966-klein.jpg\" class=\"attachment-full size-full wp-image-5382\" alt=\"\" srcset=\"https:\/\/fehivelaa-dive.com\/wp-content\/uploads\/2022\/04\/Dive-Center-Opening-800-x-966-klein.jpg 800w, https:\/\/fehivelaa-dive.com\/wp-content\/uploads\/2022\/04\/Dive-Center-Opening-800-x-966-klein-248x300.jpg 248w, https:\/\/fehivelaa-dive.com\/wp-content\/uploads\/2022\/04\/Dive-Center-Opening-800-x-966-klein-768x927.jpg 768w\" sizes=\"(max-width: 800px) 100vw, 800px\" \/>\t\t\t\t\t\t\t\t\t\t\t\t\t\t\t<\/div>\n\t\t\t\t<\/div>\n\t\t\t\t<div class=\"elementor-element elementor-element-7e9062d elementor-widget__width-initial elementor-widget-mobile__width-inherit elementor-widget elementor-widget-text-editor\" data-id=\"7e9062d\" data-element_type=\"widget\" data-e-type=\"widget\" data-widget_type=\"text-editor.default\">\n\t\t\t\t<div class=\"elementor-widget-container\">\n\t\t\t\t\t\t\t\t\t<p>Wir sind eine PADI-Tauchbasis auf Dhonfanu, Baa Atoll, Malediven, neben der Hanifaru Bay. Dhonfanu ist eine Einheimischeninsel mit spektakul\u00e4ren Tauchpl\u00e4tzen rund um die Insel, darunter Manta Putzerstationen und ein Hotspot f\u00fcr Meeresschildkr\u00f6ten nur 150 m vom Strand entfernt. Die Hanifaru Bay ist mit unserem Tauchdhoni in 5 Minuten zu erreichen. Wir fahren aber auch Tauchpl\u00e4tze an, die bis zu 70 Minuten entfernt sind.<\/p><p>Unsere G\u00e4ste \u00fcbernachten in unserem eigenen G\u00e4stehaus, Fehi Velaa Stay.<\/p>\t\t\t\t\t\t\t\t<\/div>\n\t\t\t\t<\/div>\n\t\t\t\t<div class=\"elementor-element elementor-element-9db9964 elementor-widget elementor-widget-image\" data-id=\"9db9964\" data-element_type=\"widget\" data-e-type=\"widget\" data-widget_type=\"image.default\">\n\t\t\t\t<div class=\"elementor-widget-container\">\n\t\t\t\t\t\t\t\t\t\t\t\t\t\t\t<img decoding=\"async\" width=\"800\" height=\"450\" src=\"https:\/\/fehivelaa-dive.com\/wp-content\/uploads\/2021\/08\/20210727_1347581627820097724-1024x576.jpg\" class=\"attachment-large size-large wp-image-5339\" alt=\"\" srcset=\"https:\/\/fehivelaa-dive.com\/wp-content\/uploads\/2021\/08\/20210727_1347581627820097724-1024x576.jpg 1024w, https:\/\/fehivelaa-dive.com\/wp-content\/uploads\/2021\/08\/20210727_1347581627820097724-300x169.jpg 300w, https:\/\/fehivelaa-dive.com\/wp-content\/uploads\/2021\/08\/20210727_1347581627820097724-768x432.jpg 768w, https:\/\/fehivelaa-dive.com\/wp-content\/uploads\/2021\/08\/20210727_1347581627820097724-1536x864.jpg 1536w, https:\/\/fehivelaa-dive.com\/wp-content\/uploads\/2021\/08\/20210727_1347581627820097724-2048x1152.jpg 2048w\" sizes=\"(max-width: 800px) 100vw, 800px\" \/>\t\t\t\t\t\t\t\t\t\t\t\t\t\t\t<\/div>\n\t\t\t\t<\/div>\n\t\t\t\t<div class=\"elementor-element elementor-element-d2e348a elementor-widget__width-initial elementor-widget-mobile__width-inherit elementor-widget elementor-widget-text-editor\" data-id=\"d2e348a\" data-element_type=\"widget\" data-e-type=\"widget\" data-widget_type=\"text-editor.default\">\n\t\t\t\t<div class=\"elementor-widget-container\">\n\t\t\t\t\t\t\t\t\t<p>Unsere Tauchbasis liegt nur 80 m vom kleinen Hafen der Insel entfernt. Von Dhonfanu aus erreichen wir die Hanifaru Bay in weniger als 5 Minuten mit unserem Dhoni und wir sind sehr gut gelegen f\u00fcr alle die sch\u00f6nen Tauchpl\u00e4tze in diesem Gebiet.<\/p>\t\t\t\t\t\t\t\t<\/div>\n\t\t\t\t<\/div>\n\t\t\t\t<div class=\"elementor-element elementor-element-fcd4561 elementor-widget__width-initial elementor-widget-mobile__width-inherit elementor-widget elementor-widget-image\" data-id=\"fcd4561\" data-element_type=\"widget\" data-e-type=\"widget\" data-widget_type=\"image.default\">\n\t\t\t\t<div class=\"elementor-widget-container\">\n\t\t\t\t\t\t\t\t\t\t\t\t\t\t\t<img decoding=\"async\" width=\"800\" height=\"450\" src=\"https:\/\/fehivelaa-dive.com\/wp-content\/uploads\/2022\/04\/Fehi-Velaa-Dive-komprimiert.jpg\" class=\"attachment-full size-full wp-image-5383\" alt=\"\" srcset=\"https:\/\/fehivelaa-dive.com\/wp-content\/uploads\/2022\/04\/Fehi-Velaa-Dive-komprimiert.jpg 800w, https:\/\/fehivelaa-dive.com\/wp-content\/uploads\/2022\/04\/Fehi-Velaa-Dive-komprimiert-300x169.jpg 300w, https:\/\/fehivelaa-dive.com\/wp-content\/uploads\/2022\/04\/Fehi-Velaa-Dive-komprimiert-768x432.jpg 768w\" sizes=\"(max-width: 800px) 100vw, 800px\" \/>\t\t\t\t\t\t\t\t\t\t\t\t\t\t\t<\/div>\n\t\t\t\t<\/div>\n\t\t\t\t<div class=\"elementor-element elementor-element-6550241 elementor-widget__width-initial elementor-widget-mobile__width-inherit elementor-widget elementor-widget-text-editor\" data-id=\"6550241\" data-element_type=\"widget\" data-e-type=\"widget\" data-widget_type=\"text-editor.default\">\n\t\t\t\t<div class=\"elementor-widget-container\">\n\t\t\t\t\t\t\t\t\t<p>Unser Dhoni bietet genug Platz f\u00fcr 12 Taucher, aber wir fahren nur mit maximal 8 Tauchern, um sicherzustellen, dass alle genug Platz haben. Auf dem Dach haben wir ein gro\u00dfes Sonnendeck. Das Dhoni ist mit einer Toilette ausgestattet.<\/p><p>Die meisten Tauchpl\u00e4tze sind innerhalb von 20 Minuten zu erreichen, aber einige Tauchpl\u00e4tze sind etwa 40 Minuten oder noch weiter entfernt. Manchmal kombinieren wir das Tauchen an abgelegeneren Tauchpl\u00e4tzen mit einem Ausflug in die Atollhauptstadt Eydhafushi, was immer eine willkommene Abwechslung ist.<\/p><p>Auf Anfrage bieten wir auch ganzt\u00e4gige Ausfl\u00fcge an, die besonders au\u00dferhalb der Manta-Saison interessant sind. An guten Tagen im Winter kann man zum Beispiel im Raa-Atoll mit Mantarochen tauchen und schnorcheln gehen.<\/p>\t\t\t\t\t\t\t\t<\/div>\n\t\t\t\t<\/div>\n\t\t\t\t<div class=\"elementor-element elementor-element-d79a9c2 elementor-widget__width-initial elementor-widget-mobile__width-inherit elementor-widget elementor-widget-image\" data-id=\"d79a9c2\" data-element_type=\"widget\" data-e-type=\"widget\" data-widget_type=\"image.default\">\n\t\t\t\t<div class=\"elementor-widget-container\">\n\t\t\t\t\t\t\t\t\t\t\t\t\t\t\t<img loading=\"lazy\" decoding=\"async\" width=\"800\" height=\"600\" src=\"https:\/\/fehivelaa-dive.com\/wp-content\/uploads\/2024\/01\/tauchdhoni-1024x768.webp\" class=\"attachment-large size-large wp-image-7178\" alt=\"\" srcset=\"https:\/\/fehivelaa-dive.com\/wp-content\/uploads\/2024\/01\/tauchdhoni-1024x768.webp 1024w, https:\/\/fehivelaa-dive.com\/wp-content\/uploads\/2024\/01\/tauchdhoni-300x225.webp 300w, https:\/\/fehivelaa-dive.com\/wp-content\/uploads\/2024\/01\/tauchdhoni-768x576.webp 768w, https:\/\/fehivelaa-dive.com\/wp-content\/uploads\/2024\/01\/tauchdhoni.webp 1280w\" sizes=\"(max-width: 800px) 100vw, 800px\" \/>\t\t\t\t\t\t\t\t\t\t\t\t\t\t\t<\/div>\n\t\t\t\t<\/div>\n\t\t\t\t<div class=\"elementor-element elementor-element-222903f elementor-widget elementor-widget-heading\" data-id=\"222903f\" data-element_type=\"widget\" data-e-type=\"widget\" data-widget_type=\"heading.default\">\n\t\t\t\t<div class=\"elementor-widget-container\">\n\t\t\t\t\t<h2 class=\"elementor-heading-title elementor-size-default\">Leihausr\u00fcstung<\/h2>\t\t\t\t<\/div>\n\t\t\t\t<\/div>\n\t\t\t\t<div class=\"elementor-element elementor-element-c969a3b elementor-widget elementor-widget-text-editor\" data-id=\"c969a3b\" data-element_type=\"widget\" data-e-type=\"widget\" data-widget_type=\"text-editor.default\">\n\t\t\t\t<div class=\"elementor-widget-container\">\n\t\t\t\t\t\t\t\t\t<p>Wir verf\u00fcgen neue Leihausr\u00fcstung in vielen Gr\u00f6\u00dfen. Wir empfehlen Ihnen jedoch, uns vor Ihrer Ankunft zu informieren, falls Sie Ausr\u00fcstung ben\u00f6tigen. <\/p>\t\t\t\t\t\t\t\t<\/div>\n\t\t\t\t<\/div>\n\t\t\t\t<div class=\"elementor-element elementor-element-22849d7 elementor-widget elementor-widget-heading\" data-id=\"22849d7\" data-element_type=\"widget\" data-e-type=\"widget\" data-widget_type=\"heading.default\">\n\t\t\t\t<div class=\"elementor-widget-container\">\n\t\t\t\t\t<h2 class=\"elementor-heading-title elementor-size-default\">Wie man hierher kommt<\/h2>\t\t\t\t<\/div>\n\t\t\t\t<\/div>\n\t\t\t\t<div class=\"elementor-element elementor-element-151a641 elementor-widget elementor-widget-text-editor\" data-id=\"151a641\" data-element_type=\"widget\" data-e-type=\"widget\" data-widget_type=\"text-editor.default\">\n\t\t\t\t<div class=\"elementor-widget-container\">\n\t\t\t\t\t\t\t\t\t<p>Die Anreise erfolgt immer \u00fcber den Flughafen Male. Von der internationalen Ankunft gehen Sie zu Fu\u00df den kurzen Weg zum Inlandsflughafen. Von dort aus fliegen Sie nach Dharavandhoo, das nur 116 km Luftlinie entfernt ist. Nat\u00fcrlich holen wir Sie am Flughafen ab und dann ist es nur noch eine 10-min\u00fctige Fahrt mit dem Schnellboot zu unserer Insel.<\/p>\t\t\t\t\t\t\t\t<\/div>\n\t\t\t\t<\/div>\n\t\t\t\t<div class=\"elementor-element elementor-element-ec33a74 elementor-widget elementor-widget-html\" data-id=\"ec33a74\" data-element_type=\"widget\" data-e-type=\"widget\" data-widget_type=\"html.default\">\n\t\t\t\t<div class=\"elementor-widget-container\">\n\t\t\t\t\t<iframe src=\"https:\/\/www.google.com\/maps\/embed?pb=!1m28!1m12!1m3!1d508987.7003019275!2d73.04605848534234!3d4.6887166121252415!2m3!1f0!2f0!3f0!3m2!1i1024!2i768!4f13.1!4m13!3e6!4m5!1s0x3b3f7f11405f0495%3A0x15aa005ed9e5a5a2!2sMal%C3%A9%20International%20Airport%20(MLE)%2C%20Airport%20Main%20Rd%2C%2022000%2C%20Malediven!3m2!1d4.1887827!2d73.52858049999999!4m5!1s0x3b6ac05b534dc7ed%3A0xa0404e718521c1af!2sDhonfanu%2C%20Malediven!3m2!1d5.1873933!2d73.12389619999999!5e0!3m2!1sde!2sde!4v1651492151290!5m2!1sde!2sde\" width=\"600\" height=\"450\" style=\"border:0;\" allowfullscreen=\"\" loading=\"lazy\" referrerpolicy=\"no-referrer-when-downgrade\"><\/iframe>\t\t\t\t<\/div>\n\t\t\t\t<\/div>\n\t\t\t\t\t<\/div>\n\t\t<\/div>\n\t\t\t\t\t<\/div>\n\t\t<\/section>\n\t\t\t\t<section class=\"elementor-section elementor-top-section elementor-element elementor-element-14c790c elementor-section-boxed elementor-section-height-default elementor-section-height-default\" data-id=\"14c790c\" data-element_type=\"section\" data-e-type=\"section\">\n\t\t\t\t\t\t<div class=\"elementor-container elementor-column-gap-default\">\n\t\t\t\t\t<div class=\"elementor-column elementor-col-100 elementor-top-column elementor-element elementor-element-125a191\" data-id=\"125a191\" data-element_type=\"column\" data-e-type=\"column\">\n\t\t\t<div class=\"elementor-widget-wrap elementor-element-populated\">\n\t\t\t\t\t\t<div class=\"elementor-element elementor-element-31f7706 elementor-widget elementor-widget-heading\" data-id=\"31f7706\" data-element_type=\"widget\" data-e-type=\"widget\" data-widget_type=\"heading.default\">\n\t\t\t\t<div class=\"elementor-widget-container\">\n\t\t\t\t\t<h2 class=\"elementor-heading-title elementor-size-default\">Unsere Mitarbeiter<\/h2>\t\t\t\t<\/div>\n\t\t\t\t<\/div>\n\t\t\t\t<div class=\"elementor-element elementor-element-3a74c8a elementor-widget elementor-widget-text-editor\" data-id=\"3a74c8a\" data-element_type=\"widget\" data-e-type=\"widget\" data-widget_type=\"text-editor.default\">\n\t\t\t\t<div class=\"elementor-widget-container\">\n\t\t\t\t\t\t\t\t\t<p>Unser professionelles Personal wird versuchen, individuelle W\u00fcnsche zu erf\u00fcllen. Tippen Sie auf das Bild f\u00fcr weitere Informationen<\/p>\t\t\t\t\t\t\t\t<\/div>\n\t\t\t\t<\/div>\n\t\t\t\t\t<\/div>\n\t\t<\/div>\n\t\t\t\t\t<\/div>\n\t\t<\/section>\n\t\t\t\t<section class=\"elementor-section elementor-top-section elementor-element elementor-element-6ef1ce2 elementor-section-boxed elementor-section-height-default elementor-section-height-default\" data-id=\"6ef1ce2\" data-element_type=\"section\" data-e-type=\"section\">\n\t\t\t\t\t\t<div class=\"elementor-container elementor-column-gap-default\">\n\t\t\t\t\t<div class=\"elementor-column elementor-col-33 elementor-top-column elementor-element elementor-element-baa2895\" data-id=\"baa2895\" data-element_type=\"column\" data-e-type=\"column\">\n\t\t\t<div class=\"elementor-widget-wrap elementor-element-populated\">\n\t\t\t\t\t\t<div class=\"elementor-element elementor-element-7173a08 elementor-flip-box--effect-fade elementor-widget elementor-widget-flip-box\" data-id=\"7173a08\" data-element_type=\"widget\" data-e-type=\"widget\" data-widget_type=\"flip-box.default\">\n\t\t\t\t<div class=\"elementor-widget-container\">\n\t\t\t\t\t\t\t<div class=\"elementor-flip-box\" tabindex=\"0\">\n\t\t\t<div class=\"elementor-flip-box__layer elementor-flip-box__front\">\n\t\t\t\t<div class=\"elementor-flip-box__layer__overlay\">\n\t\t\t\t\t<div class=\"elementor-flip-box__layer__inner\">\n\t\t\t\t\t\t\n\t\t\t\t\t\t\n\t\t\t\t\t\t\t\t\t\t\t<\/div>\n\t\t\t\t<\/div>\n\t\t\t<\/div>\n\t\t\t<div class=\"elementor-flip-box__layer elementor-flip-box__back\">\n\t\t\t<div class=\"elementor-flip-box__layer__overlay\">\n\t\t\t\t<div class=\"elementor-flip-box__layer__inner\">\n\t\t\t\t\t\n\t\t\t\t\t\t\t\t\t\t\t<div class=\"elementor-flip-box__layer__description\">\n\t\t\t\t\t\t\tIch bin Tauchlehrer (PADI) und autorisierter Guide f\u00fcr das Biosph\u00e4renreservat Hanifaru Bay, mit mehr als 3.000 Tauchg\u00e4ngen allein im Baa Atoll. Mein Lieblingstauchplatz ist das Dhonfanu Thila. Ich spreche Dhivehi und Englisch.\t\t\t\t\t\t<\/div>\n\t\t\t\t\t\n\t\t\t\t\t\t\t\t<\/div>\n\t\t<\/div>\n\t\t<\/div>\n\t\t<\/div>\n\t\t\t\t\t\t<\/div>\n\t\t\t\t<\/div>\n\t\t\t\t<div class=\"elementor-element elementor-element-b1104af elementor-widget elementor-widget-heading\" data-id=\"b1104af\" data-element_type=\"widget\" data-e-type=\"widget\" data-widget_type=\"heading.default\">\n\t\t\t\t<div class=\"elementor-widget-container\">\n\t\t\t\t\t<h4 class=\"elementor-heading-title elementor-size-default\">Hussain Rameez<\/h4>\t\t\t\t<\/div>\n\t\t\t\t<\/div>\n\t\t\t\t<div class=\"elementor-element elementor-element-fc79c67 elementor-widget elementor-widget-text-editor\" data-id=\"fc79c67\" data-element_type=\"widget\" data-e-type=\"widget\" data-widget_type=\"text-editor.default\">\n\t\t\t\t<div class=\"elementor-widget-container\">\n\t\t\t\t\t\t\t\t\t<p>Co-founder and Manager<\/p>\t\t\t\t\t\t\t\t<\/div>\n\t\t\t\t<\/div>\n\t\t\t\t\t<\/div>\n\t\t<\/div>\n\t\t\t\t<div class=\"elementor-column elementor-col-33 elementor-top-column elementor-element elementor-element-147e97e\" data-id=\"147e97e\" data-element_type=\"column\" data-e-type=\"column\">\n\t\t\t<div class=\"elementor-widget-wrap elementor-element-populated\">\n\t\t\t\t\t\t<div class=\"elementor-element elementor-element-81af98c elementor-flip-box--effect-fade elementor-widget elementor-widget-flip-box\" data-id=\"81af98c\" data-element_type=\"widget\" data-e-type=\"widget\" data-widget_type=\"flip-box.default\">\n\t\t\t\t<div class=\"elementor-widget-container\">\n\t\t\t\t\t\t\t<div class=\"elementor-flip-box\" tabindex=\"0\">\n\t\t\t<div class=\"elementor-flip-box__layer elementor-flip-box__front\">\n\t\t\t\t<div class=\"elementor-flip-box__layer__overlay\">\n\t\t\t\t\t<div class=\"elementor-flip-box__layer__inner\">\n\t\t\t\t\t\t\n\t\t\t\t\t\t\n\t\t\t\t\t\t\t\t\t\t\t<\/div>\n\t\t\t\t<\/div>\n\t\t\t<\/div>\n\t\t\t<div class=\"elementor-flip-box__layer elementor-flip-box__back\">\n\t\t\t<div class=\"elementor-flip-box__layer__overlay\">\n\t\t\t\t<div class=\"elementor-flip-box__layer__inner\">\n\t\t\t\t\t\n\t\t\t\t\t\t\t\t\t\t\t<div class=\"elementor-flip-box__layer__description\">\n\t\t\t\t\t\t\tIch tauche seit 2013, haupts\u00e4chlich in \u00c4gypten, Saba ( Karibik ) und verschiedenen Atollen auf den Malediven. Mein Lieblingstauchplatz ist Kuda Hafza Thila (Huvadhoo Atoll). IIch spreche Deutsch, Englisch und Slowakisch. Meine Hobbys sind Tauchen, Wandern und vegetarisch kochen.\t\t\t\t\t\t<\/div>\n\t\t\t\t\t\n\t\t\t\t\t\t\t\t<\/div>\n\t\t<\/div>\n\t\t<\/div>\n\t\t<\/div>\n\t\t\t\t\t\t<\/div>\n\t\t\t\t<\/div>\n\t\t\t\t<div class=\"elementor-element elementor-element-edd934f elementor-widget elementor-widget-heading\" data-id=\"edd934f\" data-element_type=\"widget\" data-e-type=\"widget\" data-widget_type=\"heading.default\">\n\t\t\t\t<div class=\"elementor-widget-container\">\n\t\t\t\t\t<h4 class=\"elementor-heading-title elementor-size-default\">MUDr. Silke Richter, MD<\/h4>\t\t\t\t<\/div>\n\t\t\t\t<\/div>\n\t\t\t\t<div class=\"elementor-element elementor-element-2cf2988 elementor-widget elementor-widget-text-editor\" data-id=\"2cf2988\" data-element_type=\"widget\" data-e-type=\"widget\" data-widget_type=\"text-editor.default\">\n\t\t\t\t<div class=\"elementor-widget-container\">\n\t\t\t\t\t\t\t\t\t<p>Co-founder and Director<\/p>\t\t\t\t\t\t\t\t<\/div>\n\t\t\t\t<\/div>\n\t\t\t\t\t<\/div>\n\t\t<\/div>\n\t\t\t\t<div class=\"elementor-column elementor-col-33 elementor-top-column elementor-element elementor-element-122357a\" data-id=\"122357a\" data-element_type=\"column\" data-e-type=\"column\">\n\t\t\t<div class=\"elementor-widget-wrap elementor-element-populated\">\n\t\t\t\t\t\t<div class=\"elementor-element elementor-element-f690719 elementor-flip-box--effect-fade elementor-widget elementor-widget-flip-box\" data-id=\"f690719\" data-element_type=\"widget\" data-e-type=\"widget\" data-widget_type=\"flip-box.default\">\n\t\t\t\t<div class=\"elementor-widget-container\">\n\t\t\t\t\t\t\t<div class=\"elementor-flip-box\" tabindex=\"0\">\n\t\t\t<div class=\"elementor-flip-box__layer elementor-flip-box__front\">\n\t\t\t\t<div class=\"elementor-flip-box__layer__overlay\">\n\t\t\t\t\t<div class=\"elementor-flip-box__layer__inner\">\n\t\t\t\t\t\t\n\t\t\t\t\t\t\n\t\t\t\t\t\t\t\t\t\t\t<\/div>\n\t\t\t\t<\/div>\n\t\t\t<\/div>\n\t\t\t<div class=\"elementor-flip-box__layer elementor-flip-box__back\">\n\t\t\t<div class=\"elementor-flip-box__layer__overlay\">\n\t\t\t\t<div class=\"elementor-flip-box__layer__inner\">\n\t\t\t\t\t\n\t\t\t\t\t\t\t\t\t\t\t<div class=\"elementor-flip-box__layer__description\">\n\t\t\t\t\t\t\tIch bin seit mehr als 30 Jahren leidenschaftlicher Taucher, haupts\u00e4chlich in \u00c4gypten, Saba (Karibik) und auf den Malediven. Ich spreche Deutsch, Englisch und Franz\u00f6sisch. Meine Hobbys sind Tauchen, Wandern und gutes Essen.\t\t\t\t\t\t<\/div>\n\t\t\t\t\t\n\t\t\t\t\t\t\t\t<\/div>\n\t\t<\/div>\n\t\t<\/div>\n\t\t<\/div>\n\t\t\t\t\t\t<\/div>\n\t\t\t\t<\/div>\n\t\t\t\t<div class=\"elementor-element elementor-element-ce69b45 elementor-widget elementor-widget-heading\" data-id=\"ce69b45\" data-element_type=\"widget\" data-e-type=\"widget\" data-widget_type=\"heading.default\">\n\t\t\t\t<div class=\"elementor-widget-container\">\n\t\t\t\t\t<h4 class=\"elementor-heading-title elementor-size-default\">Andreas Hoer<\/h4>\t\t\t\t<\/div>\n\t\t\t\t<\/div>\n\t\t\t\t<div class=\"elementor-element elementor-element-1eee4c4 elementor-widget elementor-widget-text-editor\" data-id=\"1eee4c4\" data-element_type=\"widget\" data-e-type=\"widget\" data-widget_type=\"text-editor.default\">\n\t\t\t\t<div class=\"elementor-widget-container\">\n\t\t\t\t\t\t\t\t\t<p>Administration<\/p>\t\t\t\t\t\t\t\t<\/div>\n\t\t\t\t<\/div>\n\t\t\t\t\t<\/div>\n\t\t<\/div>\n\t\t\t\t\t<\/div>\n\t\t<\/section>\n\t\t\t\t<\/div>\n\t\t","protected":false},"excerpt":{"rendered":"<p>Fehi Velaa Dive Center Der ideale Ort, um auf den Malediven zu tauchen. Wir sind eine PADI-Tauchbasis auf Dhonfanu, Baa Atoll, Malediven, neben der Hanifaru Bay. Dhonfanu ist eine Einheimischeninsel mit spektakul\u00e4ren Tauchpl\u00e4tzen rund um die Insel, darunter Manta Putzerstationen und ein Hotspot f\u00fcr Meeresschildkr\u00f6ten nur 150 m vom Strand entfernt. Die Hanifaru Bay ist [&hellip;]<\/p>\n","protected":false},"author":1,"featured_media":0,"parent":0,"menu_order":0,"comment_status":"closed","ping_status":"closed","template":"","meta":{"footnotes":""},"class_list":["post-5566","page","type-page","status-publish","hentry"],"_links":{"self":[{"href":"https:\/\/fehivelaa-dive.com\/de\/wp-json\/wp\/v2\/pages\/5566","targetHints":{"allow":["GET"]}}],"collection":[{"href":"https:\/\/fehivelaa-dive.com\/de\/wp-json\/wp\/v2\/pages"}],"about":[{"href":"https:\/\/fehivelaa-dive.com\/de\/wp-json\/wp\/v2\/types\/page"}],"author":[{"embeddable":true,"href":"https:\/\/fehivelaa-dive.com\/de\/wp-json\/wp\/v2\/users\/1"}],"replies":[{"embeddable":true,"href":"https:\/\/fehivelaa-dive.com\/de\/wp-json\/wp\/v2\/comments?post=5566"}],"version-history":[{"count":2,"href":"https:\/\/fehivelaa-dive.com\/de\/wp-json\/wp\/v2\/pages\/5566\/revisions"}],"predecessor-version":[{"id":7562,"href":"https:\/\/fehivelaa-dive.com\/de\/wp-json\/wp\/v2\/pages\/5566\/revisions\/7562"}],"wp:attachment":[{"href":"https:\/\/fehivelaa-dive.com\/de\/wp-json\/wp\/v2\/media?parent=5566"}],"curies":[{"name":"wp","href":"https:\/\/api.w.org\/{rel}","templated":true}]}}